{"id":11575,"date":"2020-03-20T21:09:19","date_gmt":"2020-03-20T19:09:19","guid":{"rendered":"https:\/\/koliris.gr\/portal\/?page_id=11575"},"modified":"2022-08-24T13:58:30","modified_gmt":"2022-08-24T11:58:30","slug":"contact","status":"publish","type":"page","link":"https:\/\/koliris.gr\/portal\/contact\/","title":{"rendered":"\u0395\u03c0\u03b9\u03ba\u03bf\u03b9\u03bd\u03c9\u03bd\u03af\u03b1"},"content":{"rendered":"<p><div class=\"fusion-fullwidth fullwidth-box fusion-builder-row-1 hundred-percent-fullwidth non-hundred-percent-height-scrolling\" style=\"--awb-border-radius-top-left:0px;--awb-border-radius-top-right:0px;--awb-border-radius-bottom-right:0px;--awb-border-radius-bottom-left:0px;--awb-flex-wrap:wrap;\" ><div class=\"fusion-builder-row fusion-row\"><div class=\"fusion-layout-column fusion_builder_column fusion-builder-column-0 fusion_builder_column_1_1 1_1 fusion-one-full fusion-column-first fusion-column-last\" style=\"--awb-bg-size:cover;\"><div class=\"fusion-column-wrapper fusion-column-has-shadow fusion-flex-column-wrapper-legacy\"><style type=\"text\/css\" id=\"umsMapStyles_1_81846\">\r\n    #ultimate_maps_1_81846 {\r\n        width: 100%;\r\n        height: 415px;\r\n                border: 0px solid ;\r\n        margin: 0px;\r\n    }\r\n    #mapsControlsNum_1_81846 {\r\n        width:100%    }\r\n    .umsMapDetailsContainer#umsMapDetailsContainer_1_81846 {\r\n        height:415px;\r\n    }\r\n    .ums_MapPreview#ultimate_maps_1_81846 {\r\n        \/*position:absolute;*\/\r\n        width:100%;\r\n    }\r\n    #mapConElem_1_81846{\r\n        width:100%    }\r\n    <\/style><div class=\"ums_map_opts\" id=\"mapConElem_1_81846\" data-id=\"1\" data-view-id=\"1_81846\" > <div class=\"umsMapDetailsContainer\" id=\"umsMapDetailsContainer_1_81846\"> <i class=\"umsKMLLayersPreloader fa fa-spinner fa-spin\" aria-hidden=\"true\" style=\"display: none;\"><\/i> <div class=\"ums_MapPreview \" id=\"ultimate_maps_1_81846\"><\/div> <\/div> <div class=\"umsMapMarkerFilters\" id=\"umsMapMarkerFilters_1_81846\"> <\/div> <div class=\"umsMapProControlsCon\" id=\"umsMapProControlsCon_1_81846\"> <a title=\"WordPress Google Maps Plugin\" style=\"display:none;\" href=\"https:\/\/supsystic.com\/plugins\/google-maps-plugin\/?utm_medium=love_link_hide\" target=\"_blank\">WordPress Google Maps Plugin<\/a><div style=\"clear: both;\"><\/div> <\/div> <div class=\"umsMapProDirectionsCon\" id=\"umsMapProDirectionsCon_1_81846\" > <\/div> <div class=\"umsMapProKmlFilterCon\" id=\"umsMapProKmlFilterCon_1_81846\" > <\/div> <div class=\"umsSocialSharingShell umsSocialSharingShell_1_81846\"> <\/div> <div style=\"clear: both;\"><\/div> <\/div><div class=\"fusion-sep-clear\"><\/div><div class=\"fusion-separator fusion-has-icon fusion-full-width-sep\" style=\"margin-left: auto;margin-right: auto;margin-top:30px;margin-bottom:30px;width:100%;\"><div class=\"fusion-separator-border sep-single sep-solid\" style=\"--awb-height:20px;--awb-amount:20px;border-color:#e0dede;border-top-width:1px;\"><\/div><span class=\"icon-wrapper\" style=\"border-color:#e0dede;background-color:rgba(255,255,255,0);font-size:13px;width: 1.75em; height: 1.75em;border-width:1px;padding:1px;margin-top:-0.5px\"><i class=\"fa-balance-scale fas\" style=\"font-size: inherit;color:#e0dede;\" aria-hidden=\"true\"><\/i><\/span><div class=\"fusion-separator-border sep-single sep-solid\" style=\"--awb-height:20px;--awb-amount:20px;border-color:#e0dede;border-top-width:1px;\"><\/div><\/div><div class=\"fusion-sep-clear\"><\/div><div class=\"fusion-clearfix\"><\/div><\/div><\/div><\/div><\/div><div class=\"fusion-fullwidth fullwidth-box fusion-builder-row-2 nonhundred-percent-fullwidth non-hundred-percent-height-scrolling\" style=\"--awb-border-radius-top-left:0px;--awb-border-radius-top-right:0px;--awb-border-radius-bottom-right:0px;--awb-border-radius-bottom-left:0px;--awb-flex-wrap:wrap;\" ><div class=\"fusion-builder-row fusion-row\"><div class=\"fusion-layout-column fusion_builder_column fusion-builder-column-1 fusion_builder_column_2_3 2_3 fusion-two-third fusion-column-first\" style=\"--awb-bg-size:cover;width:66.666666666667%;width:calc(66.666666666667% - ( ( 4% ) * 0.66666666666667 ) );margin-right: 4%;\"><div class=\"fusion-column-wrapper fusion-column-has-shadow fusion-flex-column-wrapper-legacy\">\n<div class=\"wpcf7 no-js\" id=\"wpcf7-f11589-o1\" lang=\"el\" dir=\"ltr\" data-wpcf7-id=\"11589\">\n<div class=\"screen-reader-response\"><p role=\"status\" aria-live=\"polite\" aria-atomic=\"true\"><\/p> <ul><\/ul><\/div>\n<form action=\"\/portal\/wp-json\/wp\/v2\/pages\/11575#wpcf7-f11589-o1\" method=\"post\" class=\"wpcf7-form init\" aria-label=\"\u03a6\u03cc\u03c1\u03bc\u03b1 \u03b5\u03c0\u03b9\u03ba\u03bf\u03b9\u03bd\u03c9\u03bd\u03af\u03b1\u03c2\" novalidate=\"novalidate\" data-status=\"init\">\n<fieldset class=\"hidden-fields-container\"><input type=\"hidden\" name=\"_wpcf7\" value=\"11589\" \/><input type=\"hidden\" name=\"_wpcf7_version\" value=\"6.1.5\" \/><input type=\"hidden\" name=\"_wpcf7_locale\" value=\"el\" \/><input type=\"hidden\" name=\"_wpcf7_unit_tag\" value=\"wpcf7-f11589-o1\" \/><input type=\"hidden\" name=\"_wpcf7_container_post\" value=\"0\" \/><input type=\"hidden\" name=\"_wpcf7_posted_data_hash\" value=\"\" \/><input type=\"hidden\" name=\"_wpcf7_recaptcha_response\" value=\"\" \/>\n<\/fieldset>\n<p>\u03a3\u03c5\u03bc\u03c0\u03bb\u03b7\u03c1\u03ce\u03c3\u03c4\u03b5 \u03c4\u03b7\u03bd \u03b1\u03ba\u03cc\u03bb\u03bf\u03c5\u03b8\u03b7 \u03c6\u03cc\u03c1\u03bc\u03b1 \u03b3\u03b9\u03b1 \u03bd\u03b1 \u03b5\u03c0\u03b9\u03ba\u03bf\u03b9\u03bd\u03c9\u03bd\u03ae\u03c3\u03b5\u03c4\u03b5 \u03bc\u03b5 \u03c4\u03bf \u03b3\u03c1\u03b1\u03c6\u03b5\u03af\u03bf \u03bc\u03b1\u03c2. \u0395\u03bd\u03b1\u03bb\u03bb\u03b1\u03ba\u03c4\u03b9\u03ba\u03ac, \u03c7\u03c1\u03b7\u03c3\u03b9\u03bc\u03bf\u03c0\u03bf\u03b9\u03ae\u03c3\u03c4\u03b5 \u03c4\u03b1 \u03c3\u03c4\u03bf\u03b9\u03c7\u03b5\u03af\u03b1 \u03b5\u03c0\u03b9\u03ba\u03bf\u03b9\u03bd\u03c9\u03bd\u03af\u03b1\u03c2 \u03b4\u03b5\u03be\u03b9\u03ac.\n<\/p>\n<p><label> \u03a4\u03bf \u03cc\u03bd\u03bf\u03bc\u03ac \u03c3\u03b1\u03c2 (\u03b1\u03c0\u03b1\u03c1\u03b1\u03af\u03c4\u03b7\u03c4\u03bf)<br \/>\n<span class=\"wpcf7-form-control-wrap\" data-name=\"your-name\"><input size=\"40\" maxlength=\"400\" class=\"wpcf7-form-control wpcf7-text wpcf7-validates-as-required\" aria-required=\"true\" aria-invalid=\"false\" value=\"\" type=\"text\" name=\"your-name\" \/><\/span> <\/label>\n<\/p>\n<p><label> \u03a4\u03bf email \u03c3\u03b1\u03c2 (\u03b1\u03c0\u03b1\u03c1\u03b1\u03af\u03c4\u03b7\u03c4\u03bf)<br \/>\n<span class=\"wpcf7-form-control-wrap\" data-name=\"your-email\"><input size=\"40\" maxlength=\"400\" class=\"wpcf7-form-control wpcf7-email wpcf7-validates-as-required wpcf7-text wpcf7-validates-as-email\" aria-required=\"true\" aria-invalid=\"false\" value=\"\" type=\"email\" name=\"your-email\" \/><\/span> <\/label>\n<\/p>\n<p><label> \u0398\u03ad\u03bc\u03b1 (\u03b1\u03c0\u03b1\u03c1\u03b1\u03af\u03c4\u03b7\u03c4\u03bf)<br \/>\n<span class=\"wpcf7-form-control-wrap\" data-name=\"your-subject\"><input size=\"40\" maxlength=\"400\" class=\"wpcf7-form-control wpcf7-text wpcf7-validates-as-required\" aria-required=\"true\" aria-invalid=\"false\" value=\"\" type=\"text\" name=\"your-subject\" \/><\/span> <\/label>\n<\/p>\n<p><label> \u03a4\u03bf \u03bc\u03ae\u03bd\u03c5\u03bc\u03ac \u03c3\u03b1\u03c2 (\u03b1\u03c0\u03b1\u03c1\u03b1\u03af\u03c4\u03b7\u03c4\u03bf)<br \/>\n<span class=\"wpcf7-form-control-wrap\" data-name=\"your-message\"><textarea cols=\"40\" rows=\"10\" maxlength=\"2000\" class=\"wpcf7-form-control wpcf7-textarea wpcf7-validates-as-required\" aria-required=\"true\" aria-invalid=\"false\" name=\"your-message\"><\/textarea><\/span> <\/label>\n<\/p>\n<p><input class=\"wpcf7-form-control wpcf7-submit has-spinner\" type=\"submit\" value=\"\u0391\u03c0\u03bf\u03c3\u03c4\u03bf\u03bb\u03ae\" \/>\n<\/p><div class=\"fusion-alert alert custom alert-custom fusion-alert-center wpcf7-response-output fusion-alert-capitalize awb-alert-native-link-color alert-dismissable awb-alert-close-boxed\" style=\"--awb-border-size:1px;--awb-border-top-left-radius:0px;--awb-border-top-right-radius:0px;--awb-border-bottom-left-radius:0px;--awb-border-bottom-right-radius:0px;\" role=\"alert\"><div class=\"fusion-alert-content-wrapper\"><span class=\"fusion-alert-content\"><\/span><\/div><button type=\"button\" class=\"close toggle-alert\" data-dismiss=\"alert\" aria-label=\"Close\">&times;<\/button><\/div>\n<\/form>\n<\/div>\n<div class=\"fusion-clearfix\"><\/div><\/div><\/div><div class=\"fusion-layout-column fusion_builder_column fusion-builder-column-2 fusion_builder_column_1_3 1_3 fusion-one-third fusion-column-last\" style=\"--awb-bg-size:cover;width:33.333333333333%;width:calc(33.333333333333% - ( ( 4% ) * 0.33333333333333 ) );\"><div class=\"fusion-column-wrapper fusion-column-has-shadow fusion-flex-column-wrapper-legacy\"><div class=\"accordian fusion-accordian\" style=\"--awb-border-size:1px;--awb-icon-size:13px;--awb-content-font-size:13px;--awb-icon-alignment:left;--awb-hover-color:#f9f9f9;--awb-border-color:#cccccc;--awb-background-color:#ffffff;--awb-divider-color:#e0dede;--awb-divider-hover-color:#e0dede;--awb-icon-color:#ffffff;--awb-title-color:#333333;--awb-content-color:#747474;--awb-icon-box-color:#333333;--awb-toggle-hover-accent-color:#996515;--awb-title-font-family:Georgia, serif;--awb-title-font-weight:400;--awb-title-font-style:normal;--awb-title-font-size:13px;--awb-content-font-family:Georgia, serif;--awb-content-font-style:normal;--awb-content-font-weight:400;\"><div class=\"panel-group fusion-toggle-icon-boxed\" id=\"accordion-11575-1\"><div class=\"fusion-panel panel-default panel-0951fc64b640cb97b fusion-toggle-has-divider\"><div class=\"panel-heading\"><h4 class=\"panel-title toggle\" id=\"toggle_0951fc64b640cb97b\"><a class=\"active\" aria-expanded=\"true\" aria-controls=\"0951fc64b640cb97b\" role=\"button\" data-toggle=\"collapse\" data-target=\"#0951fc64b640cb97b\" href=\"#0951fc64b640cb97b\"><span class=\"fusion-toggle-icon-wrapper\" aria-hidden=\"true\"><i class=\"fa-fusion-box active-icon awb-icon-minus\" aria-hidden=\"true\"><\/i><i class=\"fa-fusion-box inactive-icon awb-icon-plus\" aria-hidden=\"true\"><\/i><\/span><span class=\"fusion-toggle-heading\">\u03a3\u03c4\u03bf\u03b9\u03c7\u03b5\u03af\u03b1 \u0395\u03c0\u03b9\u03ba\u03bf\u03b9\u03bd\u03c9\u03bd\u03af\u03b1\u03c2<\/span><\/a><\/h4><\/div><div id=\"0951fc64b640cb97b\" class=\"panel-collapse collapse in\" aria-labelledby=\"toggle_0951fc64b640cb97b\"><div class=\"panel-body toggle-content fusion-clearfix\">\n<p>\u0394\u03b9\u03b5\u03cd\u03b8\u03c5\u03bd\u03c3\u03b7: \u0391\u03bd\u03b1\u03b3\u03bd\u03c9\u03c3\u03c4\u03bf\u03c0\u03bf\u03cd\u03bb\u03bf\u03c5 32, \u039a\u03bf\u03bb\u03c9\u03bd\u03ac\u03ba\u03b9, 106 73 \u0391\u03b8\u03ae\u03bd\u03b1<br \/>\n\u03a4\u03b7\u03bb\u03ad\u03c6\u03c9\u03bd\u03bf: 210 3608504, 210 3643637<br \/>\n\u03a6\u03b1\u03be: 210 3608509<br \/>\nEmail: kolliris [at] hotmail.com<br \/>\nWeb: koliris.gr<\/p>\n<\/div><\/div><\/div><div class=\"fusion-panel panel-default panel-1477e1cc762960d52 fusion-toggle-has-divider\"><div class=\"panel-heading\"><h4 class=\"panel-title toggle\" id=\"toggle_1477e1cc762960d52\"><a class=\"active\" aria-expanded=\"true\" aria-controls=\"1477e1cc762960d52\" role=\"button\" data-toggle=\"collapse\" data-target=\"#1477e1cc762960d52\" href=\"#1477e1cc762960d52\"><span class=\"fusion-toggle-icon-wrapper\" aria-hidden=\"true\"><i class=\"fa-fusion-box active-icon awb-icon-minus\" aria-hidden=\"true\"><\/i><i class=\"fa-fusion-box inactive-icon awb-icon-plus\" aria-hidden=\"true\"><\/i><\/span><span class=\"fusion-toggle-heading\">Kontakt<\/span><\/a><\/h4><\/div><div id=\"1477e1cc762960d52\" class=\"panel-collapse collapse in\" aria-labelledby=\"toggle_1477e1cc762960d52\"><div class=\"panel-body toggle-content fusion-clearfix\">\n<p>Durch arbeitsteilige Spezialisierung der Rechtsanwaelte unserer Kanzlei decken wir das gesamte Spektrum verwaltungsrechtlich (insbesondere Energierecht) und strafrechtlich determinierter Sachverhalte ab. Ziel unserer T\u00e4tigkeit ist es, mit unseren Mandanten die richtige L\u00f6sung anzustreben. Durch die intensive Einarbeitung in den Sachverhalt sollen die, der Sache innewohnenden Risiken schnell und fr\u00fchzeitig erkannt und herausgearbeitet werden, um dem Mandanten auf dieser Basis die Entscheidung \u00fcber das weitere Vorgehen zu erm\u00f6glichen. Wir freuen uns auf Ihre Nachricht!<\/p>\n<\/div><\/div><\/div><\/div><\/div><div class=\"fusion-clearfix\"><\/div><\/div><\/div><\/div><\/div><\/p>\n","protected":false},"excerpt":{"rendered":"","protected":false},"author":1,"featured_media":0,"parent":0,"menu_order":0,"comment_status":"closed","ping_status":"closed","template":"100-width.php","meta":{"footnotes":""},"class_list":["post-11575","page","type-page","status-publish","hentry"],"yoast_head":"<!-- This site is optimized with the Yoast SEO plugin v27.4 - https:\/\/yoast.com\/product\/yoast-seo-wordpress\/ -->\n<title>\u0395\u03c0\u03b9\u03ba\u03bf\u03b9\u03bd\u03c9\u03bd\u03af\u03b1 - koliris.gr<\/title>\n<meta name=\"description\" content=\"\u03a4\u03c1\u03cc\u03c0\u03bf\u03b9 \u03ba\u03b1\u03b9 \u03c3\u03c4\u03bf\u03b9\u03c7\u03b5\u03af\u03b1 \u03b5\u03c0\u03b9\u03ba\u03bf\u03b9\u03bd\u03c9\u03bd\u03af\u03b1\u03c2 \u03bc\u03b5 \u03c4\u03bf \u03b3\u03c1\u03b1\u03c6\u03b5\u03af\u03bf \u03bc\u03b1\u03c2.\" \/>\n<meta name=\"robots\" content=\"index, follow, max-snippet:-1, max-image-preview:large, max-video-preview:-1\" \/>\n<link rel=\"canonical\" href=\"https:\/\/koliris.gr\/portal\/contact\/\" \/>\n<meta property=\"og:locale\" content=\"el_GR\" \/>\n<meta property=\"og:type\" content=\"article\" \/>\n<meta property=\"og:title\" content=\"\u0395\u03c0\u03b9\u03ba\u03bf\u03b9\u03bd\u03c9\u03bd\u03af\u03b1 - koliris.gr\" \/>\n<meta property=\"og:description\" content=\"\u03a4\u03c1\u03cc\u03c0\u03bf\u03b9 \u03ba\u03b1\u03b9 \u03c3\u03c4\u03bf\u03b9\u03c7\u03b5\u03af\u03b1 \u03b5\u03c0\u03b9\u03ba\u03bf\u03b9\u03bd\u03c9\u03bd\u03af\u03b1\u03c2 \u03bc\u03b5 \u03c4\u03bf \u03b3\u03c1\u03b1\u03c6\u03b5\u03af\u03bf \u03bc\u03b1\u03c2.\" \/>\n<meta property=\"og:url\" content=\"https:\/\/koliris.gr\/portal\/contact\/\" \/>\n<meta property=\"og:site_name\" content=\"koliris.gr\" \/>\n<meta property=\"article:modified_time\" content=\"2022-08-24T11:58:30+00:00\" \/>\n<meta name=\"twitter:card\" content=\"summary_large_image\" \/>\n<meta name=\"twitter:label1\" content=\"\u0395\u03ba\u03c4\u03b9\u03bc\u03ce\u03bc\u03b5\u03bd\u03bf\u03c2 \u03c7\u03c1\u03cc\u03bd\u03bf\u03c2 \u03b1\u03bd\u03ac\u03b3\u03bd\u03c9\u03c3\u03b7\u03c2\" \/>\n\t<meta name=\"twitter:data1\" content=\"3 \u03bb\u03b5\u03c0\u03c4\u03ac\" \/>\n<script type=\"application\/ld+json\" class=\"yoast-schema-graph\">{\"@context\":\"https:\\\/\\\/schema.org\",\"@graph\":[{\"@type\":\"WebPage\",\"@id\":\"https:\\\/\\\/koliris.gr\\\/portal\\\/contact\\\/\",\"url\":\"https:\\\/\\\/koliris.gr\\\/portal\\\/contact\\\/\",\"name\":\"\u0395\u03c0\u03b9\u03ba\u03bf\u03b9\u03bd\u03c9\u03bd\u03af\u03b1 - koliris.gr\",\"isPartOf\":{\"@id\":\"https:\\\/\\\/koliris.gr\\\/portal\\\/#website\"},\"datePublished\":\"2020-03-20T19:09:19+00:00\",\"dateModified\":\"2022-08-24T11:58:30+00:00\",\"description\":\"\u03a4\u03c1\u03cc\u03c0\u03bf\u03b9 \u03ba\u03b1\u03b9 \u03c3\u03c4\u03bf\u03b9\u03c7\u03b5\u03af\u03b1 \u03b5\u03c0\u03b9\u03ba\u03bf\u03b9\u03bd\u03c9\u03bd\u03af\u03b1\u03c2 \u03bc\u03b5 \u03c4\u03bf \u03b3\u03c1\u03b1\u03c6\u03b5\u03af\u03bf \u03bc\u03b1\u03c2.\",\"breadcrumb\":{\"@id\":\"https:\\\/\\\/koliris.gr\\\/portal\\\/contact\\\/#breadcrumb\"},\"inLanguage\":\"el\",\"potentialAction\":[{\"@type\":\"ReadAction\",\"target\":[\"https:\\\/\\\/koliris.gr\\\/portal\\\/contact\\\/\"]}]},{\"@type\":\"BreadcrumbList\",\"@id\":\"https:\\\/\\\/koliris.gr\\\/portal\\\/contact\\\/#breadcrumb\",\"itemListElement\":[{\"@type\":\"ListItem\",\"position\":1,\"name\":\"Home\",\"item\":\"https:\\\/\\\/koliris.gr\\\/portal\\\/\"},{\"@type\":\"ListItem\",\"position\":2,\"name\":\"\u0395\u03c0\u03b9\u03ba\u03bf\u03b9\u03bd\u03c9\u03bd\u03af\u03b1\"}]},{\"@type\":\"WebSite\",\"@id\":\"https:\\\/\\\/koliris.gr\\\/portal\\\/#website\",\"url\":\"https:\\\/\\\/koliris.gr\\\/portal\\\/\",\"name\":\"koliris.gr\",\"description\":\"\u0394\u03b9\u03ba\u03b7\u03b3\u03bf\u03c1\u03b9\u03ba\u03cc \u0393\u03c1\u03b1\u03c6\u03b5\u03af\u03bf \u039a\u03bf\u03bb\u03bb\u03cd\u03c1\u03b7\u03c2-\u03a3\u03c5\u03c1\u03c1\u03bf\u03b8\u03b1\u03bd\u03ac\u03c3\u03b7 &amp; \u03a3\u03c5\u03bd\u03b5\u03c1\u03b3\u03ac\u03c4\u03b5\u03c2\",\"publisher\":{\"@id\":\"https:\\\/\\\/koliris.gr\\\/portal\\\/#organization\"},\"potentialAction\":[{\"@type\":\"SearchAction\",\"target\":{\"@type\":\"EntryPoint\",\"urlTemplate\":\"https:\\\/\\\/koliris.gr\\\/portal\\\/?s={search_term_string}\"},\"query-input\":{\"@type\":\"PropertyValueSpecification\",\"valueRequired\":true,\"valueName\":\"search_term_string\"}}],\"inLanguage\":\"el\"},{\"@type\":\"Organization\",\"@id\":\"https:\\\/\\\/koliris.gr\\\/portal\\\/#organization\",\"name\":\"\u039a\u039f\u039b\u039b\u03a5\u03a1\u0397\u03a3 - \u03a3\u03a5\u03a1\u03a1\u039f\u0398\u0391\u039d\u0391\u03a3\u0397 & \u03a3\u03a5\u039d\u0395\u03a1\u0393\u0391\u03a4\u0395\u03a3\",\"url\":\"https:\\\/\\\/koliris.gr\\\/portal\\\/\",\"logo\":{\"@type\":\"ImageObject\",\"inLanguage\":\"el\",\"@id\":\"https:\\\/\\\/koliris.gr\\\/portal\\\/#\\\/schema\\\/logo\\\/image\\\/\",\"url\":\"https:\\\/\\\/koliris.gr\\\/portal\\\/wp-content\\\/uploads\\\/2015\\\/02\\\/logo.png\",\"contentUrl\":\"https:\\\/\\\/koliris.gr\\\/portal\\\/wp-content\\\/uploads\\\/2015\\\/02\\\/logo.png\",\"width\":407,\"height\":46,\"caption\":\"\u039a\u039f\u039b\u039b\u03a5\u03a1\u0397\u03a3 - \u03a3\u03a5\u03a1\u03a1\u039f\u0398\u0391\u039d\u0391\u03a3\u0397 & \u03a3\u03a5\u039d\u0395\u03a1\u0393\u0391\u03a4\u0395\u03a3\"},\"image\":{\"@id\":\"https:\\\/\\\/koliris.gr\\\/portal\\\/#\\\/schema\\\/logo\\\/image\\\/\"}}]}<\/script>\n<!-- \/ Yoast SEO plugin. -->","yoast_head_json":{"title":"\u0395\u03c0\u03b9\u03ba\u03bf\u03b9\u03bd\u03c9\u03bd\u03af\u03b1 - koliris.gr","description":"\u03a4\u03c1\u03cc\u03c0\u03bf\u03b9 \u03ba\u03b1\u03b9 \u03c3\u03c4\u03bf\u03b9\u03c7\u03b5\u03af\u03b1 \u03b5\u03c0\u03b9\u03ba\u03bf\u03b9\u03bd\u03c9\u03bd\u03af\u03b1\u03c2 \u03bc\u03b5 \u03c4\u03bf \u03b3\u03c1\u03b1\u03c6\u03b5\u03af\u03bf \u03bc\u03b1\u03c2.","robots":{"index":"index","follow":"follow","max-snippet":"max-snippet:-1","max-image-preview":"max-image-preview:large","max-video-preview":"max-video-preview:-1"},"canonical":"https:\/\/koliris.gr\/portal\/contact\/","og_locale":"el_GR","og_type":"article","og_title":"\u0395\u03c0\u03b9\u03ba\u03bf\u03b9\u03bd\u03c9\u03bd\u03af\u03b1 - koliris.gr","og_description":"\u03a4\u03c1\u03cc\u03c0\u03bf\u03b9 \u03ba\u03b1\u03b9 \u03c3\u03c4\u03bf\u03b9\u03c7\u03b5\u03af\u03b1 \u03b5\u03c0\u03b9\u03ba\u03bf\u03b9\u03bd\u03c9\u03bd\u03af\u03b1\u03c2 \u03bc\u03b5 \u03c4\u03bf \u03b3\u03c1\u03b1\u03c6\u03b5\u03af\u03bf \u03bc\u03b1\u03c2.","og_url":"https:\/\/koliris.gr\/portal\/contact\/","og_site_name":"koliris.gr","article_modified_time":"2022-08-24T11:58:30+00:00","twitter_card":"summary_large_image","twitter_misc":{"\u0395\u03ba\u03c4\u03b9\u03bc\u03ce\u03bc\u03b5\u03bd\u03bf\u03c2 \u03c7\u03c1\u03cc\u03bd\u03bf\u03c2 \u03b1\u03bd\u03ac\u03b3\u03bd\u03c9\u03c3\u03b7\u03c2":"3 \u03bb\u03b5\u03c0\u03c4\u03ac"},"schema":{"@context":"https:\/\/schema.org","@graph":[{"@type":"WebPage","@id":"https:\/\/koliris.gr\/portal\/contact\/","url":"https:\/\/koliris.gr\/portal\/contact\/","name":"\u0395\u03c0\u03b9\u03ba\u03bf\u03b9\u03bd\u03c9\u03bd\u03af\u03b1 - koliris.gr","isPartOf":{"@id":"https:\/\/koliris.gr\/portal\/#website"},"datePublished":"2020-03-20T19:09:19+00:00","dateModified":"2022-08-24T11:58:30+00:00","description":"\u03a4\u03c1\u03cc\u03c0\u03bf\u03b9 \u03ba\u03b1\u03b9 \u03c3\u03c4\u03bf\u03b9\u03c7\u03b5\u03af\u03b1 \u03b5\u03c0\u03b9\u03ba\u03bf\u03b9\u03bd\u03c9\u03bd\u03af\u03b1\u03c2 \u03bc\u03b5 \u03c4\u03bf \u03b3\u03c1\u03b1\u03c6\u03b5\u03af\u03bf \u03bc\u03b1\u03c2.","breadcrumb":{"@id":"https:\/\/koliris.gr\/portal\/contact\/#breadcrumb"},"inLanguage":"el","potentialAction":[{"@type":"ReadAction","target":["https:\/\/koliris.gr\/portal\/contact\/"]}]},{"@type":"BreadcrumbList","@id":"https:\/\/koliris.gr\/portal\/contact\/#breadcrumb","itemListElement":[{"@type":"ListItem","position":1,"name":"Home","item":"https:\/\/koliris.gr\/portal\/"},{"@type":"ListItem","position":2,"name":"\u0395\u03c0\u03b9\u03ba\u03bf\u03b9\u03bd\u03c9\u03bd\u03af\u03b1"}]},{"@type":"WebSite","@id":"https:\/\/koliris.gr\/portal\/#website","url":"https:\/\/koliris.gr\/portal\/","name":"koliris.gr","description":"\u0394\u03b9\u03ba\u03b7\u03b3\u03bf\u03c1\u03b9\u03ba\u03cc \u0393\u03c1\u03b1\u03c6\u03b5\u03af\u03bf \u039a\u03bf\u03bb\u03bb\u03cd\u03c1\u03b7\u03c2-\u03a3\u03c5\u03c1\u03c1\u03bf\u03b8\u03b1\u03bd\u03ac\u03c3\u03b7 &amp; \u03a3\u03c5\u03bd\u03b5\u03c1\u03b3\u03ac\u03c4\u03b5\u03c2","publisher":{"@id":"https:\/\/koliris.gr\/portal\/#organization"},"potentialAction":[{"@type":"SearchAction","target":{"@type":"EntryPoint","urlTemplate":"https:\/\/koliris.gr\/portal\/?s={search_term_string}"},"query-input":{"@type":"PropertyValueSpecification","valueRequired":true,"valueName":"search_term_string"}}],"inLanguage":"el"},{"@type":"Organization","@id":"https:\/\/koliris.gr\/portal\/#organization","name":"\u039a\u039f\u039b\u039b\u03a5\u03a1\u0397\u03a3 - \u03a3\u03a5\u03a1\u03a1\u039f\u0398\u0391\u039d\u0391\u03a3\u0397 & \u03a3\u03a5\u039d\u0395\u03a1\u0393\u0391\u03a4\u0395\u03a3","url":"https:\/\/koliris.gr\/portal\/","logo":{"@type":"ImageObject","inLanguage":"el","@id":"https:\/\/koliris.gr\/portal\/#\/schema\/logo\/image\/","url":"https:\/\/koliris.gr\/portal\/wp-content\/uploads\/2015\/02\/logo.png","contentUrl":"https:\/\/koliris.gr\/portal\/wp-content\/uploads\/2015\/02\/logo.png","width":407,"height":46,"caption":"\u039a\u039f\u039b\u039b\u03a5\u03a1\u0397\u03a3 - \u03a3\u03a5\u03a1\u03a1\u039f\u0398\u0391\u039d\u0391\u03a3\u0397 & \u03a3\u03a5\u039d\u0395\u03a1\u0393\u0391\u03a4\u0395\u03a3"},"image":{"@id":"https:\/\/koliris.gr\/portal\/#\/schema\/logo\/image\/"}}]}},"_links":{"self":[{"href":"https:\/\/koliris.gr\/portal\/wp-json\/wp\/v2\/pages\/11575","targetHints":{"allow":["GET"]}}],"collection":[{"href":"https:\/\/koliris.gr\/portal\/wp-json\/wp\/v2\/pages"}],"about":[{"href":"https:\/\/koliris.gr\/portal\/wp-json\/wp\/v2\/types\/page"}],"author":[{"embeddable":true,"href":"https:\/\/koliris.gr\/portal\/wp-json\/wp\/v2\/users\/1"}],"replies":[{"embeddable":true,"href":"https:\/\/koliris.gr\/portal\/wp-json\/wp\/v2\/comments?post=11575"}],"version-history":[{"count":5,"href":"https:\/\/koliris.gr\/portal\/wp-json\/wp\/v2\/pages\/11575\/revisions"}],"predecessor-version":[{"id":11658,"href":"https:\/\/koliris.gr\/portal\/wp-json\/wp\/v2\/pages\/11575\/revisions\/11658"}],"wp:attachment":[{"href":"https:\/\/koliris.gr\/portal\/wp-json\/wp\/v2\/media?parent=11575"}],"curies":[{"name":"wp","href":"https:\/\/api.w.org\/{rel}","templated":true}]}}